{"id":2,"date":"2018-09-30T11:52:51","date_gmt":"2018-09-30T11:52:51","guid":{"rendered":"https:\/\/www.anastasiapopescu.ro\/scoala\/?page_id=2"},"modified":"2022-12-28T11:20:25","modified_gmt":"2022-12-28T08:20:25","slug":"pagina-exemplu","status":"publish","type":"page","link":"https:\/\/www.anastasiapopescu.ro\/scoala\/","title":{"rendered":"\u0218coala Anastasia Popescu"},"content":{"rendered":"<p>[et_pb_section fb_built=&#8221;1&#8243; fullwidth=&#8221;on&#8221; _builder_version=&#8221;4.16&#8243; background_color=&#8221;#ffffff&#8221; top_divider_color=&#8221;#ffffff&#8221; top_divider_flip=&#8221;horizontal&#8221; bottom_divider_color=&#8221;#ffffff&#8221; bottom_divider_flip=&#8221;horizontal&#8221; global_colors_info=&#8221;{}&#8221;][et_pb_fullwidth_post_slider include_categories=&#8221;10&#8243; show_more_button=&#8221;off&#8221; excerpt_length=&#8221;180&#8243; show_meta=&#8221;off&#8221; image_placement=&#8221;left&#8221; use_bg_overlay=&#8221;off&#8221; use_text_overlay=&#8221;off&#8221; arrows_custom_color=&#8221;#cccccc&#8221; dot_nav_custom_color=&#8221;#cccccc&#8221; _builder_version=&#8221;4.16&#8243; header_font=&#8221;||||||||&#8221; header_text_color=&#8221;#2e8b57&#8243; header_font_size=&#8221;2rem&#8221; header_line_height=&#8221;1.4em&#8221; body_font=&#8221;||||||||&#8221; body_font_size=&#8221;18px&#8221; body_line_height=&#8221;1.8em&#8221; background_color=&#8221;#ffffff&#8221; background_layout=&#8221;light&#8221; custom_padding=&#8221;8vh||8vh||true&#8221; header_text_shadow_style=&#8221;preset1&#8243; header_text_shadow_color=&#8221;rgba(46,139,87,0.6)&#8221; global_colors_info=&#8221;{}&#8221;][\/et_pb_fullwidth_post_slider][\/et_pb_section][et_pb_section fb_built=&#8221;1&#8243; prev_background_color=&#8221;#ffffff&#8221; next_background_color=&#8221;#ffffff&#8221; _builder_version=&#8221;4.16&#8243; background_color=&#8221;#F6F6F0&#8243; custom_margin=&#8221;-11px|||||&#8221; custom_padding=&#8221;||15px|||&#8221; top_divider_style=&#8221;wave2&#8243; bottom_divider_style=&#8221;slant&#8221; bottom_divider_flip=&#8221;horizontal&#8221; global_colors_info=&#8221;{}&#8221;][et_pb_row column_structure=&#8221;2_3,1_3&#8243; use_custom_gutter=&#8221;on&#8221; make_equal=&#8221;on&#8221; module_class=&#8221; et_pb_row_fullwidth&#8221; _builder_version=&#8221;4.16&#8243; width=&#8221;90{458d73bd7cb12a9d2a29f33612bf26f3b2cc5a2cb29e99bb71206d185939d4d2}&#8221; width_tablet=&#8221;80{458d73bd7cb12a9d2a29f33612bf26f3b2cc5a2cb29e99bb71206d185939d4d2}&#8221; width_phone=&#8221;&#8221; width_last_edited=&#8221;on|desktop&#8221; max_width=&#8221;90{458d73bd7cb12a9d2a29f33612bf26f3b2cc5a2cb29e99bb71206d185939d4d2}&#8221; max_width_tablet=&#8221;80{458d73bd7cb12a9d2a29f33612bf26f3b2cc5a2cb29e99bb71206d185939d4d2}&#8221; max_width_phone=&#8221;&#8221; max_width_last_edited=&#8221;on|desktop&#8221; custom_margin=&#8221;5vh||5vh||true|false&#8221; custom_padding=&#8221;23px|||||&#8221; make_fullwidth=&#8221;on&#8221; global_colors_info=&#8221;{}&#8221;][et_pb_column type=&#8221;2_3&#8243; _builder_version=&#8221;4.16&#8243; custom_padding=&#8221;|||&#8221; global_colors_info=&#8221;{}&#8221; custom_padding__hover=&#8221;|||&#8221;][et_pb_text _builder_version=&#8221;4.16&#8243; header_font=&#8221;||||||||&#8221; header_text_color=&#8221;#2e8b57&#8243; header_font_size=&#8221;3em&#8221; border_width_bottom=&#8221;1px&#8221; border_color_bottom=&#8221;#2e8b57&#8243; global_colors_info=&#8221;{}&#8221;]<\/p>\n<h1>Anun\u021buri<\/h1>\n<p>[\/et_pb_text][et_pb_blog posts_number=&#8221;3&#8243; include_categories=&#8221;8&#8243; meta_date=&#8221;j M Y&#8221; show_thumbnail=&#8221;off&#8221; show_author=&#8221;off&#8221; show_pagination=&#8221;off&#8221; module_class=&#8221;three-column-blog-grid&#8221; _builder_version=&#8221;4.16&#8243; header_level=&#8221;h5&#8243; header_font=&#8221;|600|||||||&#8221; header_text_color=&#8221;#2e8b57&#8243; header_line_height=&#8221;1.4em&#8221; body_font=&#8221;||||||||&#8221; body_text_align=&#8221;justify&#8221; body_line_height=&#8221;1.4em&#8221; meta_font=&#8221;||||||||&#8221; meta_text_color=&#8221;#999&#8243; meta_font_size=&#8221;13px&#8221; global_colors_info=&#8221;{}&#8221;][\/et_pb_blog][\/et_pb_column][et_pb_column type=&#8221;1_3&#8243; _builder_version=&#8221;4.16&#8243; custom_padding=&#8221;5vh|2vw||2vw|false|true&#8221; global_colors_info=&#8221;{}&#8221; custom_padding__hover=&#8221;|||&#8221;][et_pb_blurb title=&#8221;\u00ceNSCRIERI \u00ceN LISTA DE A\u0218TEPTARE&#8221; url=&#8221;https:\/\/sgapinfo.com\/listadeasteptareinput1.php&#8221; url_new_window=&#8221;on&#8221; use_icon=&#8221;on&#8221; icon_color=&#8221;#961d0a&#8221; icon_placement=&#8221;left&#8221; image_icon_width=&#8221;3em&#8221; module_class=&#8221;blurb-1&#8243; _builder_version=&#8221;4.19.4&#8243; header_font=&#8221;|800|||||||&#8221; header_text_color=&#8221;#E02B20&#8243; body_line_height=&#8221;1.4em&#8221; custom_margin=&#8221;0px||0px||true&#8221; custom_padding=&#8221;2vh|1vw|1vh|1vw||true&#8221; link_option_url=&#8221;https:\/\/sgapinfo.com\/listadeasteptareinput1.php&#8221; link_option_url_new_window=&#8221;on&#8221; hover_enabled=&#8221;0&#8243; icon_font_size=&#8221;3em&#8221; global_colors_info=&#8221;{}&#8221; icon_color__hover_enabled=&#8221;off|hover&#8221; sticky_enabled=&#8221;0&#8243; header_font_size=&#8221;30px&#8221; width=&#8221;100%&#8221; header_text_align=&#8221;center&#8221;]<\/p>\n<p style=\"text-align: center;\">(ve\u021bi fi redirec\u021bionat c\u0103tre sgapinfo.com pentru \u00eenscriere)<\/p>\n<p>[\/et_pb_blurb][et_pb_blurb title=&#8221;CONTRIBU\u021aII \u0218I PROGRAM EDUCA\u021aIONAL \u0218COLAR&#8221; url=&#8221;https:\/\/www.anastasiapopescu.ro\/scoala\/contributii-si-program\/&#8221; use_icon=&#8221;on&#8221; icon_placement=&#8221;left&#8221; image_icon_width=&#8221;3em&#8221; module_class=&#8221;blurb-1&#8243; _builder_version=&#8221;4.19.4&#8243; header_level=&#8221;h5&#8243; header_font=&#8221;|600|||||||&#8221; custom_margin=&#8221;0px||0px||true&#8221; custom_padding=&#8221;2vh|1vw|1vh|1vw||true&#8221; hover_enabled=&#8221;0&#8243; icon_font_size=&#8221;3em&#8221; global_colors_info=&#8221;{}&#8221; header_text_align=&#8221;center&#8221; sticky_enabled=&#8221;0&#8243;][\/et_pb_blurb][et_pb_image src=&#8221;https:\/\/www.anastasiapopescu.ro\/scoala\/wp-content\/uploads\/erasmus-plus-logo.png&#8221; url=&#8221;https:\/\/www.anastasiapopescu.ro\/scoala\/category\/erasmus-plus\/&#8221; align=&#8221;center&#8221; align_tablet=&#8221;center&#8221; align_phone=&#8221;&#8221; align_last_edited=&#8221;on|desktop&#8221; module_class=&#8221;blurb-1&#8243; _builder_version=&#8221;4.16&#8243; custom_margin=&#8221;3vh||||false|false&#8221; global_colors_info=&#8221;{}&#8221;][\/et_pb_image][\/et_pb_column][\/et_pb_row][et_pb_row _builder_version=&#8221;4.17.3&#8243; _module_preset=&#8221;default&#8221; global_colors_info=&#8221;{}&#8221;][et_pb_column type=&#8221;4_4&#8243; _builder_version=&#8221;4.17.3&#8243; _module_preset=&#8221;default&#8221; global_colors_info=&#8221;{}&#8221;][et_pb_accordion open_toggle_text_color=&#8221;#2E8B57&#8243; _builder_version=&#8221;4.17.3&#8243; _module_preset=&#8221;default&#8221; toggle_font_size=&#8221;27px&#8221; global_colors_info=&#8221;{}&#8221;][et_pb_accordion_item title=&#8221;O \u0219coal\u0103 pentru viitor, o \u0219coal\u0103 pentru via\u021b\u0103&#8221; open=&#8221;on&#8221; _builder_version=&#8221;4.17.3&#8243; _module_preset=&#8221;default&#8221; global_colors_info=&#8221;{}&#8221;]<\/p>\n<p>Cu aproape treizeci de ani \u00een urm\u0103, ap\u0103reau \u00een peisajul \u0219colii rom\u00e2ne\u0219ti,\u00a0mai \u00eent\u00e2i Gr\u0103dini\u021ba \u201eArc-en-Ciel\u201d, apoi, c\u00e2nd copiii au mai crescut, \u0218coala \u201eAnastasia Popescu\u201d, purt\u00e2nd numele celei dint\u00e2i profesoare de religie a celor mici.<\/p>\n<p>Formula, cu totul nou\u0103, a acestei unit\u0103\u021bi de \u00eenv\u0103\u021b\u0103m\u00e2nt particular, propunea, \u201eavant la lettre\u201d, a\u0219ezarea, \u00een prim-planul tuturor activit\u0103\u021bilor \u0219i intereselor \u0219colii, a elevului, cu nevoile, talentul, ezit\u0103rile, izb\u00e2nzile sale, precum \u0219i o viziune cre\u0219tin-ortodox\u0103 \u00een care se oglindea cu discre\u021bie, \u00eentreaga via\u021b\u0103 a comunit\u0103\u021bii.<\/p>\n<p>Anul 2016 a reprezentat pasul c\u0103tre nivelul liceal, \u00een perspectiva form\u0103rii viitorilor dasc\u0103li pentru educa\u021bie timpurie; este vorba despre profilul pedagogic, deci un liceu voca\u021bional, care ofer\u0103 tinerilor solu\u021bia unui debut timpuriu de carier\u0103, ca \u00eenv\u0103\u021b\u0103tor\/ \u00eenv\u0103\u021b\u0103toare sau educatoare \u0219i o excelent\u0103 baz\u0103 pentru cariere didactice ulterioare, precum \u0219i o bogat\u0103 deschidere cultural\u0103, premis\u0103 a unui parcurs str\u0103lucit, \u00een cele mai diverse domenii, de la cel juridic, la arhitectur\u0103 sau medicin\u0103.<\/p>\n<p>Genera\u021bie de genera\u021bie, ne bucur\u0103m pentru reu\u0219ita fiec\u0103rui absolvent \u0219i \u00eei a\u0219tept\u0103m cu inimile deschise pe viitorii no\u0219tri liceeni!<\/p>\n<p>Prof. Dr. <strong>Monica \u0218erb\u0103nescu<\/strong><\/p>\n<p><em>Pre\u0219edinte Fondator \u2013 Director General<\/em><\/p>\n<p>[\/et_pb_accordion_item][\/et_pb_accordion][\/et_pb_column][\/et_pb_row][\/et_pb_section][et_pb_section fb_built=&#8221;1&#8243; _builder_version=&#8221;4.16&#8243; custom_padding=&#8221;5vh||5vh||true|false&#8221; top_divider_flip=&#8221;horizontal&#8221; global_colors_info=&#8221;{}&#8221;][et_pb_row module_class=&#8221; et_pb_row_fullwidth&#8221; _builder_version=&#8221;4.16&#8243; width=&#8221;90{458d73bd7cb12a9d2a29f33612bf26f3b2cc5a2cb29e99bb71206d185939d4d2}&#8221; width_tablet=&#8221;80{458d73bd7cb12a9d2a29f33612bf26f3b2cc5a2cb29e99bb71206d185939d4d2}&#8221; width_phone=&#8221;&#8221; width_last_edited=&#8221;on|desktop&#8221; max_width=&#8221;90{458d73bd7cb12a9d2a29f33612bf26f3b2cc5a2cb29e99bb71206d185939d4d2}&#8221; max_width_tablet=&#8221;80{458d73bd7cb12a9d2a29f33612bf26f3b2cc5a2cb29e99bb71206d185939d4d2}&#8221; max_width_phone=&#8221;&#8221; max_width_last_edited=&#8221;on|desktop&#8221; make_fullwidth=&#8221;on&#8221; global_colors_info=&#8221;{}&#8221;][et_pb_column type=&#8221;4_4&#8243; _builder_version=&#8221;4.16&#8243; custom_padding=&#8221;|||&#8221; global_colors_info=&#8221;{}&#8221; custom_padding__hover=&#8221;|||&#8221;][et_pb_text _builder_version=&#8221;4.16&#8243; header_font=&#8221;||||||||&#8221; header_text_color=&#8221;#2e8b57&#8243; border_width_bottom=&#8221;1px&#8221; border_color_bottom=&#8221;#2e8b57&#8243; global_colors_info=&#8221;{}&#8221;]<\/p>\n<h1>Evenimente<\/h1>\n<p>[\/et_pb_text][\/et_pb_column][\/et_pb_row][et_pb_row column_structure=&#8221;3_4,1_4&#8243; make_equal=&#8221;on&#8221; module_class=&#8221; et_pb_row_fullwidth&#8221; _builder_version=&#8221;4.16&#8243; width=&#8221;90{458d73bd7cb12a9d2a29f33612bf26f3b2cc5a2cb29e99bb71206d185939d4d2}&#8221; width_tablet=&#8221;80{458d73bd7cb12a9d2a29f33612bf26f3b2cc5a2cb29e99bb71206d185939d4d2}&#8221; width_phone=&#8221;&#8221; width_last_edited=&#8221;on|desktop&#8221; max_width=&#8221;90{458d73bd7cb12a9d2a29f33612bf26f3b2cc5a2cb29e99bb71206d185939d4d2}&#8221; max_width_tablet=&#8221;80{458d73bd7cb12a9d2a29f33612bf26f3b2cc5a2cb29e99bb71206d185939d4d2}&#8221; max_width_phone=&#8221;&#8221; max_width_last_edited=&#8221;on|desktop&#8221; make_fullwidth=&#8221;on&#8221; global_colors_info=&#8221;{}&#8221;][et_pb_column type=&#8221;3_4&#8243; _builder_version=&#8221;4.16&#8243; custom_padding=&#8221;|||&#8221; global_colors_info=&#8221;{}&#8221; custom_padding__hover=&#8221;|||&#8221;][et_pb_blog posts_number=&#8221;8&#8243; include_categories=&#8221;9&#8243; meta_date=&#8221;j M Y&#8221; show_author=&#8221;off&#8221; show_pagination=&#8221;off&#8221; module_class=&#8221;four-column-blog-grid&#8221; _builder_version=&#8221;4.16&#8243; header_level=&#8221;h5&#8243; header_font=&#8221;|600|||||||&#8221; header_text_color=&#8221;#2e8b57&#8243; header_line_height=&#8221;1.4em&#8221; meta_font=&#8221;||||||||&#8221; meta_text_color=&#8221;#999&#8243; meta_font_size=&#8221;12px&#8221; text_orientation=&#8221;justified&#8221; global_colors_info=&#8221;{}&#8221;][\/et_pb_blog][\/et_pb_column][et_pb_column type=&#8221;1_4&#8243; _builder_version=&#8221;4.16&#8243; custom_padding=&#8221;|||&#8221; global_colors_info=&#8221;{}&#8221; custom_padding__hover=&#8221;|||&#8221;][et_pb_blog posts_number=&#8221;12&#8243; include_categories=&#8221;9&#8243; meta_date=&#8221;j M Y&#8221; show_thumbnail=&#8221;off&#8221; show_author=&#8221;off&#8221; show_pagination=&#8221;off&#8221; offset_number=&#8221;8&#8243; disabled_on=&#8221;on|off|off&#8221; module_class=&#8221;ds-limit-excerpt&#8221; _builder_version=&#8221;4.16&#8243; header_level=&#8221;h5&#8243; header_font=&#8221;||||||||&#8221; header_line_height=&#8221;1.4em&#8221; body_font=&#8221;||||||||&#8221; meta_font=&#8221;||||||||&#8221; meta_font_size=&#8221;12px&#8221; global_colors_info=&#8221;{}&#8221;][\/et_pb_blog][\/et_pb_column][\/et_pb_row][\/et_pb_section][et_pb_section fb_built=&#8221;1&#8243; prev_background_color=&#8221;#ffffff&#8221; next_background_color=&#8221;#ffffff&#8221; _builder_version=&#8221;4.16&#8243; background_color=&#8221;#2e8b57&#8243; background_image=&#8221;https:\/\/www.anastasiapopescu.ro\/scoala\/wp-content\/uploads\/bg-sc-03.jpg&#8221; background_size=&#8221;initial&#8221; background_position=&#8221;center_left&#8221; custom_padding=&#8221;14vh||10vh||false|false&#8221; top_divider_style=&#8221;wave2&#8243; bottom_divider_style=&#8221;wave2&#8243; global_colors_info=&#8221;{}&#8221;][et_pb_row _builder_version=&#8221;4.16&#8243; global_colors_info=&#8221;{}&#8221;][et_pb_column type=&#8221;4_4&#8243; _builder_version=&#8221;4.16&#8243; custom_padding=&#8221;|||&#8221; global_colors_info=&#8221;{}&#8221; custom_padding__hover=&#8221;|||&#8221;][et_pb_text _builder_version=&#8221;4.16&#8243; header_font=&#8221;|300|||||||&#8221; header_text_align=&#8221;right&#8221; header_text_color=&#8221;#ffffff&#8221; header_font_size=&#8221;4em&#8221; global_colors_info=&#8221;{}&#8221;]<\/p>\n<h1>Proiecte Erasmus+<\/h1>\n<p>[\/et_pb_text][\/et_pb_column][\/et_pb_row][\/et_pb_section][et_pb_section fb_built=&#8221;1&#8243; _builder_version=&#8221;4.16&#8243; global_colors_info=&#8221;{}&#8221;][et_pb_row column_structure=&#8221;1_2,1_2&#8243; use_custom_gutter=&#8221;on&#8221; make_equal=&#8221;on&#8221; module_class=&#8221; et_pb_row_fullwidth&#8221; _builder_version=&#8221;4.16&#8243; width=&#8221;90{458d73bd7cb12a9d2a29f33612bf26f3b2cc5a2cb29e99bb71206d185939d4d2}&#8221; width_tablet=&#8221;80{458d73bd7cb12a9d2a29f33612bf26f3b2cc5a2cb29e99bb71206d185939d4d2}&#8221; width_phone=&#8221;&#8221; width_last_edited=&#8221;on|tablet&#8221; max_width=&#8221;94{458d73bd7cb12a9d2a29f33612bf26f3b2cc5a2cb29e99bb71206d185939d4d2}&#8221; max_width_tablet=&#8221;80{458d73bd7cb12a9d2a29f33612bf26f3b2cc5a2cb29e99bb71206d185939d4d2}&#8221; max_width_phone=&#8221;&#8221; max_width_last_edited=&#8221;on|desktop&#8221; make_fullwidth=&#8221;on&#8221; global_colors_info=&#8221;{}&#8221;][et_pb_column type=&#8221;1_2&#8243; _builder_version=&#8221;4.16&#8243; background_color=&#8221;#f3f6f3&#8243; custom_padding=&#8221;|10px||10px|false|true&#8221; global_colors_info=&#8221;{}&#8221; custom_padding__hover=&#8221;|||&#8221;][et_pb_text _builder_version=&#8221;4.16&#8243; header_font=&#8221;||||||||&#8221; header_text_color=&#8221;#2e8b57&#8243; custom_margin=&#8221;2vh||||false|false&#8221; border_width_bottom=&#8221;1px&#8221; border_color_bottom=&#8221;#2e8b57&#8243; global_colors_info=&#8221;{}&#8221;]<\/p>\n<h1>Educa\u021bie+<\/h1>\n<p>[\/et_pb_text][et_pb_blog posts_number=&#8221;6&#8243; include_categories=&#8221;32&#8243; meta_date=&#8221;j M Y&#8221; show_author=&#8221;off&#8221; show_pagination=&#8221;off&#8221; module_class=&#8221;three-column-blog-grid&#8221; _builder_version=&#8221;4.16&#8243; header_level=&#8221;h6&#8243; header_font=&#8221;|600|||||||&#8221; header_text_color=&#8221;#2e8b57&#8243; header_line_height=&#8221;1.4em&#8221; body_font_size=&#8221;13px&#8221; body_line_height=&#8221;1.4em&#8221; meta_font=&#8221;||||||||&#8221; meta_text_color=&#8221;#999999&#8243; meta_font_size=&#8221;12px&#8221; text_orientation=&#8221;justified&#8221; global_colors_info=&#8221;{}&#8221;][\/et_pb_blog][\/et_pb_column][et_pb_column type=&#8221;1_2&#8243; _builder_version=&#8221;4.16&#8243; background_color=&#8221;#f3f6f3&#8243; custom_padding=&#8221;|10px||10px|false|true&#8221; global_colors_info=&#8221;{}&#8221; custom_padding__hover=&#8221;|||&#8221;][et_pb_text _builder_version=&#8221;4.16&#8243; header_font=&#8221;||||||||&#8221; header_text_color=&#8221;#2e8b57&#8243; custom_margin=&#8221;2vh||||false|false&#8221; border_width_bottom=&#8221;1px&#8221; border_color_bottom=&#8221;#2e8b57&#8243; global_colors_info=&#8221;{}&#8221;]<\/p>\n<h1>STEM en action<\/h1>\n<p>[\/et_pb_text][et_pb_blog posts_number=&#8221;6&#8243; include_categories=&#8221;33&#8243; meta_date=&#8221;j M Y&#8221; show_author=&#8221;off&#8221; show_pagination=&#8221;off&#8221; module_class=&#8221;three-column-blog-grid&#8221; _builder_version=&#8221;4.16&#8243; header_level=&#8221;h6&#8243; header_font=&#8221;|600|||||||&#8221; header_text_color=&#8221;#2e8b57&#8243; header_line_height=&#8221;1.4em&#8221; body_font_size=&#8221;13px&#8221; body_line_height=&#8221;1.4em&#8221; meta_font=&#8221;||||||||&#8221; meta_text_color=&#8221;#999999&#8243; meta_font_size=&#8221;12px&#8221; text_orientation=&#8221;justified&#8221; global_colors_info=&#8221;{}&#8221;][\/et_pb_blog][\/et_pb_column][\/et_pb_row][\/et_pb_section]<\/p>\n","protected":false},"excerpt":{"rendered":"<p>Anun\u021buri(ve\u021bi fi redirec\u021bionat c\u0103tre sgapinfo.com pentru \u00eenscriere)Cu aproape treizeci de ani \u00een urm\u0103, ap\u0103reau \u00een peisajul \u0219colii rom\u00e2ne\u0219ti,\u00a0mai \u00eent\u00e2i Gr\u0103dini\u021ba \u201eArc-en-Ciel\u201d, apoi, c\u00e2nd copiii au mai crescut, \u0218coala \u201eAnastasia Popescu\u201d, purt\u00e2nd numele celei dint\u00e2i profesoare de religie a celor mici. Formula, cu totul nou\u0103, a acestei unit\u0103\u021bi de \u00eenv\u0103\u021b\u0103m\u00e2nt particular, propunea, \u201eavant la lettre\u201d, a\u0219ezarea, [&hellip;]<\/p>\n","protected":false},"author":1,"featured_media":0,"parent":0,"menu_order":0,"comment_status":"closed","ping_status":"open","template":"","meta":{"_et_pb_use_builder":"on","_et_pb_old_content":"<p>Aceasta este o pagin\u0103 exemplu. Este diferit\u0103 de un articol de blog deoarece va r\u0103m\u00e2ne \u00een acela\u0219i loc \u0219i va ap\u0103rea \u00een navigarea sitului t\u0103u (\u00een majoritatea temelor). Multe persoane \u00eencep cu o pagin\u0103 Despre care \u00eei prezint\u0103 poten\u021bialilor vizitatori. S-ar putea spune ceva de genul:<\/p><blockquote><p>Bun\u0103! Ziua sunt curier, iar noaptea actor aspirant \u0219i acesta este situl meu web. Locuiesc \u00een Cluj, am un c\u00e2ine superb pe nume Jack \u0219i \u00eemi place vinul ro\u0219u. (\u0218i s\u0103 m\u0103 plimb prin ploaie.)<\/p><\/blockquote><p>...sau ceva cam a\u0219a:<\/p><blockquote><p>Firma de juc\u0103rii XYZ a fost fondat\u0103 \u00een anul 1971 \u0219i a oferit copiilor juc\u0103rii de calitate \u00eenc\u0103 de atunci. Av\u00e2nd sediul \u00een ora\u0219ul Minunilor, XYZ are peste 2000 de angaja\u021bi \u0219i face tot felul de lucruri minunate pentru comunitatea din ora\u0219.<\/p><\/blockquote><p>Ca un utilizator WordPress nou, ar trebui s\u0103 mergi la <a href=\"https:\/\/www.anastasiapopescu.ro\/scoala\/wp-admin\/\">panoul t\u0103u de control<\/a> pentru a \u0219terge aceast\u0103 pagin\u0103 \u0219i s\u0103 creezi pagini noi pentru con\u021binutul t\u0103u. Distrac\u021bie pl\u0103cut\u0103!<\/p>","_et_gb_content_width":"","_crdt_document":"","footnotes":""},"class_list":["post-2","page","type-page","status-publish","hentry"],"_links":{"self":[{"href":"https:\/\/www.anastasiapopescu.ro\/scoala\/wp-json\/wp\/v2\/pages\/2","targetHints":{"allow":["GET"]}}],"collection":[{"href":"https:\/\/www.anastasiapopescu.ro\/scoala\/wp-json\/wp\/v2\/pages"}],"about":[{"href":"https:\/\/www.anastasiapopescu.ro\/scoala\/wp-json\/wp\/v2\/types\/page"}],"author":[{"embeddable":true,"href":"https:\/\/www.anastasiapopescu.ro\/scoala\/wp-json\/wp\/v2\/users\/1"}],"replies":[{"embeddable":true,"href":"https:\/\/www.anastasiapopescu.ro\/scoala\/wp-json\/wp\/v2\/comments?post=2"}],"version-history":[{"count":0,"href":"https:\/\/www.anastasiapopescu.ro\/scoala\/wp-json\/wp\/v2\/pages\/2\/revisions"}],"wp:attachment":[{"href":"https:\/\/www.anastasiapopescu.ro\/scoala\/wp-json\/wp\/v2\/media?parent=2"}],"curies":[{"name":"wp","href":"https:\/\/api.w.org\/{rel}","templated":true}]}}