{"id":1249,"date":"2019-03-14T15:27:17","date_gmt":"2019-03-14T12:27:17","guid":{"rendered":"https:\/\/www.anastasiapopescu.ro\/scoala\/?page_id=1249"},"modified":"2019-05-22T16:48:56","modified_gmt":"2019-05-22T13:48:56","slug":"erasmus-plus","status":"publish","type":"page","link":"https:\/\/www.anastasiapopescu.ro\/scoala\/erasmus-plus\/","title":{"rendered":"Erasmus+"},"content":{"rendered":"<p>[et_pb_section fb_built=&#8221;1&#8243; _builder_version=&#8221;3.22.3&#8243;][et_pb_row _builder_version=&#8221;3.22.7&#8243;][et_pb_column type=&#8221;4_4&#8243; _builder_version=&#8221;3.22.7&#8243;][et_pb_image src=&#8221;https:\/\/www.anastasiapopescu.ro\/scoala\/wp-content\/uploads\/sigla_erasmus_plus.png&#8221; align=&#8221;center&#8221; _builder_version=&#8221;3.22.7&#8243; custom_margin=&#8221;||5vh&#8221;][\/et_pb_image][\/et_pb_column][\/et_pb_row][et_pb_row use_custom_gutter=&#8221;on&#8221; custom_margin=&#8221;||2vh|||false&#8221; _builder_version=&#8221;3.22.7&#8243; max_width=&#8221;80{458d73bd7cb12a9d2a29f33612bf26f3b2cc5a2cb29e99bb71206d185939d4d2}&#8221;][et_pb_column type=&#8221;1_2&#8243; _builder_version=&#8221;3.20.2&#8243;][et_pb_text _builder_version=&#8221;3.22.7&#8243; text_font=&#8221;||||||||&#8221; text_orientation=&#8221;justified&#8221; custom_padding=&#8221;4px||0px|||&#8221;]<\/p>\n<p><img loading=\"lazy\" decoding=\"async\" src=\"https:\/\/www.anastasiapopescu.ro\/scoala\/wp-content\/uploads\/sigla_educatie_plus.png\" width=\"200\" height=\"200\" alt=\"\" class=\"wp-image-2021 alignleft size-full space-bottom-10\" srcset=\"https:\/\/www.anastasiapopescu.ro\/scoala\/wp-content\/uploads\/sigla_educatie_plus.png 200w, https:\/\/www.anastasiapopescu.ro\/scoala\/wp-content\/uploads\/sigla_educatie_plus-160x160.png 160w\" sizes=\"(max-width: 200px) 100vw, 200px\" \/><strong><span>\u201eEDUCA\u021aIE+\u201d<\/span><\/strong>, proiect ini\u021biat de Liceul Pedagogic \u201eAnastasia Popescu\u201d \u0219i finan\u021bat de Comisia European\u0103 prin Programul Erasmus +, KA1, Educa\u021bie \u0219colar\u0103, aduce un suflu nou \u00een activitatea \u0219colii noastre prin dezvoltarea abilit\u0103\u021bilor profesorilor de a utiliza metode \u0219i instrumente specifice educa\u021biei non-formale la clas\u0103.\u00a0<\/p>\n<p>Un alt obiectiv al proiectului este cre\u0219terea capacit\u0103\u021bii \u0219colii de a crea un mediu educa\u021bional de calitate, incluziv \u0219i diversificat, prin abordarea integrat\u0103 de c\u0103tre profesori a pred\u0103rii-\u00eenv\u0103\u021b\u0103rii limbilor str\u0103ine \u0219i a disciplinelor non-lingvistice \u2013 CLIL (Content and Language Integrated Learning), \u00een vederea cre\u0219terii motiva\u021biei \u0219i implic\u0103rii elevilor \u00een propria dezvoltare.<\/p>\n<p>[\/et_pb_text][\/et_pb_column][et_pb_column type=&#8221;1_2&#8243; _builder_version=&#8221;3.20.2&#8243;][et_pb_text _builder_version=&#8221;3.22.7&#8243; text_font=&#8221;||||||||&#8221; text_orientation=&#8221;justified&#8221;]<\/p>\n<p><span style=\"font-size: 14px;\"><img loading=\"lazy\" decoding=\"async\" src=\"https:\/\/www.anastasiapopescu.ro\/scoala\/wp-content\/uploads\/sigla_stem_en_action.png\" width=\"200\" height=\"200\" alt=\"\" class=\"wp-image-2022 alignleft size-full space-bottom-10\" srcset=\"https:\/\/www.anastasiapopescu.ro\/scoala\/wp-content\/uploads\/sigla_stem_en_action.png 200w, https:\/\/www.anastasiapopescu.ro\/scoala\/wp-content\/uploads\/sigla_stem_en_action-160x160.png 160w\" sizes=\"(max-width: 200px) 100vw, 200px\" \/><strong>\u201eSTEM en action\u201d<\/strong> este un proiect finan\u021bat de Comisia European\u0103 prin Programul Erasmus +, KA229, Proiecte de schimb inter\u0219colar, care \u00ee\u0219i propune s\u0103 sus\u021bin\u0103 \u0219i s\u0103 introduc\u0103 \u00een practica educativ\u0103 a \u0219colilor partenere abord\u0103ri noi privind \u00eenv\u0103\u021barea integrat\u0103 a \u0219tiin\u021belor \u0219i a artelor, av\u00e2nd ca \u201cnumitor comun\u201d Matematica. De asemenea, proiectul urm\u0103re\u0219te dob\u00e2ndirea de c\u0103tre elevi a abilit\u0103\u021bilor \u0219i competen\u021belor de \u00eenv\u0103\u021bare prin cooperare \u00een context European \u0219i integrarea TIC \u0219i a unor metode non-formale care s\u0103 faciliteze \u00een\u021belegerea no\u021biunilor \u0219tiin\u021bifice, prin transferul de cuno\u0219tin\u021be de la un domeniu de studiu la altul.<\/span><\/p>\n<p><span style=\"font-size: 14px;\">Partenerul <strong>Liceului Pedagogic \u201dAnastasia Popescu\u201d<\/strong> este <strong>Colegio El Salvador de Ense\u00f1anza Sociedad Cooperativa Limitada<\/strong> din Torrelavega, Spania<br \/> <\/span><\/p>\n<ul><\/ul>\n<p>[\/et_pb_text][\/et_pb_column][\/et_pb_row][et_pb_row custom_margin=&#8221;||5vh&#8221; _builder_version=&#8221;3.22.7&#8243; max_width=&#8221;100{458d73bd7cb12a9d2a29f33612bf26f3b2cc5a2cb29e99bb71206d185939d4d2}&#8221;][et_pb_column type=&#8221;1_2&#8243; _builder_version=&#8221;3.22.7&#8243;][et_pb_image src=&#8221;https:\/\/www.anastasiapopescu.ro\/scoala\/wp-content\/uploads\/articole-ed-pl.png&#8221; url=&#8221;https:\/\/www.anastasiapopescu.ro\/scoala\/category\/erasmus-plus\/educatie-plus\/&#8221; align=&#8221;center&#8221; _builder_version=&#8221;3.20.2&#8243; animation_style=&#8221;flip&#8221;][\/et_pb_image][\/et_pb_column][et_pb_column type=&#8221;1_2&#8243; _builder_version=&#8221;3.22.7&#8243;][et_pb_image src=&#8221;https:\/\/www.anastasiapopescu.ro\/scoala\/wp-content\/uploads\/articole-sea.png&#8221; url=&#8221;https:\/\/www.anastasiapopescu.ro\/scoala\/category\/erasmus-plus\/stem-en-action\/&#8221; align=&#8221;center&#8221; _builder_version=&#8221;3.22.7&#8243; animation_style=&#8221;flip&#8221;][\/et_pb_image][\/et_pb_column][\/et_pb_row][et_pb_row max_width=&#8221;80{458d73bd7cb12a9d2a29f33612bf26f3b2cc5a2cb29e99bb71206d185939d4d2}&#8221; _builder_version=&#8221;3.22.7&#8243; custom_margin=&#8221;||5vh&#8221;][et_pb_column type=&#8221;4_4&#8243; _builder_version=&#8221;3.22.7&#8243;][et_pb_text text_font_size=&#8221;13px&#8221; text_line_height=&#8221;1.5em&#8221; text_orientation=&#8221;justified&#8221; _builder_version=&#8221;3.22.7&#8243; text_font=&#8221;||||||||&#8221; custom_padding=&#8221;20px|20px|20px|20px|true|true&#8221; border_color_all=&#8221;#2e8b57&#8243; border_width_all=&#8221;1px&#8221;]<\/p>\n<p>Materialele publicate reprezint\u0103 responsabilitatea exclusiv\u0103 a echipei de proiect, iar Agen\u021bia Na\u021bional\u0103 pentru Programe Comunitare \u00een Domeniul Educa\u021biei \u0219i Form\u0103rii Profesionale \u0219i Comisia Europeana nu pot fi f\u0103cute responsabile pentru modul \u00een care sunt folosite informa\u021biile.<\/p>\n<p>[\/et_pb_text][\/et_pb_column][\/et_pb_row][et_pb_row use_custom_gutter=&#8221;on&#8221; custom_padding=&#8221;|10vw||10vw||true&#8221; make_equal=&#8221;on&#8221; module_class=&#8221; et_pb_row_fullwidth&#8221; _builder_version=&#8221;3.22.7&#8243; width=&#8221;100{458d73bd7cb12a9d2a29f33612bf26f3b2cc5a2cb29e99bb71206d185939d4d2}&#8221; width_tablet=&#8221;100{458d73bd7cb12a9d2a29f33612bf26f3b2cc5a2cb29e99bb71206d185939d4d2}&#8221; width_last_edited=&#8221;on|desktop&#8221; max_width=&#8221;100{458d73bd7cb12a9d2a29f33612bf26f3b2cc5a2cb29e99bb71206d185939d4d2}&#8221; max_width_tablet=&#8221;100{458d73bd7cb12a9d2a29f33612bf26f3b2cc5a2cb29e99bb71206d185939d4d2}&#8221; max_width_last_edited=&#8221;on|desktop&#8221; hover_enabled=&#8221;0&#8243; make_fullwidth=&#8221;on&#8221;][et_pb_column type=&#8221;4_4&#8243; _builder_version=&#8221;3.20.2&#8243;][et_pb_text _builder_version=&#8221;3.22.7&#8243; border_width_bottom=&#8221;1px&#8221; border_color_bottom=&#8221;#2e8b57&#8243; custom_margin=&#8221;||2vh&#8221;]<\/p>\n<h1>Articole recente ale proiectelor Erasmus+<\/h1>\n<p>[\/et_pb_text][et_pb_blog posts_number=&#8221;4&#8243; include_categories=&#8221;32,11,33&#8243; meta_date=&#8221;j M Y&#8221; show_author=&#8221;off&#8221; show_pagination=&#8221;off&#8221; module_class=&#8221;four-column-blog-grid&#8221; _builder_version=&#8221;3.22.7&#8243; header_level=&#8221;h4&#8243; header_font=&#8221;|600|||||||&#8221; header_text_color=&#8221;#2e8b57&#8243; header_line_height=&#8221;1.2em&#8221; body_font=&#8221;||||||||&#8221; body_text_align=&#8221;justify&#8221; body_line_height=&#8221;1.5em&#8221; meta_font=&#8221;||||||||&#8221; meta_font_size=&#8221;12px&#8221;][\/et_pb_blog][\/et_pb_column][\/et_pb_row][et_pb_row use_custom_gutter=&#8221;on&#8221; gutter_width=&#8221;1&#8243; custom_padding=&#8221;|10vw||10vw||true&#8221; make_equal=&#8221;on&#8221; module_class=&#8221; et_pb_row_fullwidth&#8221; _builder_version=&#8221;3.22.3&#8243; width=&#8221;100{458d73bd7cb12a9d2a29f33612bf26f3b2cc5a2cb29e99bb71206d185939d4d2}&#8221; width_tablet=&#8221;100{458d73bd7cb12a9d2a29f33612bf26f3b2cc5a2cb29e99bb71206d185939d4d2}&#8221; width_last_edited=&#8221;on|desktop&#8221; max_width=&#8221;100{458d73bd7cb12a9d2a29f33612bf26f3b2cc5a2cb29e99bb71206d185939d4d2}&#8221; max_width_tablet=&#8221;100{458d73bd7cb12a9d2a29f33612bf26f3b2cc5a2cb29e99bb71206d185939d4d2}&#8221; max_width_last_edited=&#8221;on|desktop&#8221; make_fullwidth=&#8221;on&#8221;][et_pb_column type=&#8221;4_4&#8243; _builder_version=&#8221;3.20.2&#8243;][et_pb_blog posts_number=&#8221;16&#8243; include_categories=&#8221;32,11,33&#8243; meta_date=&#8221;j M Y&#8221; show_thumbnail=&#8221;off&#8221; show_author=&#8221;off&#8221; offset_number=&#8221;4&#8243; module_class=&#8221;four-column-blog-grid ds-limit-excerpt&#8221; _builder_version=&#8221;3.22.7&#8243; header_level=&#8221;h4&#8243; header_font=&#8221;||||||||&#8221; header_text_color=&#8221;#2e8b57&#8243; body_font=&#8221;||||||||&#8221; body_text_align=&#8221;justify&#8221; body_line_height=&#8221;1.5em&#8221; meta_font=&#8221;||||||||&#8221; meta_font_size=&#8221;12px&#8221;][\/et_pb_blog][\/et_pb_column][\/et_pb_row][\/et_pb_section]<\/p>\n","protected":false},"excerpt":{"rendered":"<p>\u201eEDUCA\u021aIE+\u201d, proiect ini\u021biat de Liceul Pedagogic \u201eAnastasia Popescu\u201d \u0219i finan\u021bat de Comisia European\u0103 prin Programul Erasmus +, KA1, Educa\u021bie \u0219colar\u0103, aduce un suflu nou \u00een activitatea \u0219colii noastre prin dezvoltarea abilit\u0103\u021bilor profesorilor de a utiliza metode \u0219i instrumente specifice educa\u021biei non-formale la clas\u0103.\u00a0 Un alt obiectiv al proiectului este cre\u0219terea capacit\u0103\u021bii \u0219colii de a crea [&hellip;]<\/p>\n","protected":false},"author":1,"featured_media":0,"parent":0,"menu_order":0,"comment_status":"closed","ping_status":"closed","template":"","meta":{"_et_pb_use_builder":"on","_et_pb_old_content":"","_et_gb_content_width":"","_crdt_document":"","footnotes":""},"class_list":["post-1249","page","type-page","status-publish","hentry"],"_links":{"self":[{"href":"https:\/\/www.anastasiapopescu.ro\/scoala\/wp-json\/wp\/v2\/pages\/1249","targetHints":{"allow":["GET"]}}],"collection":[{"href":"https:\/\/www.anastasiapopescu.ro\/scoala\/wp-json\/wp\/v2\/pages"}],"about":[{"href":"https:\/\/www.anastasiapopescu.ro\/scoala\/wp-json\/wp\/v2\/types\/page"}],"author":[{"embeddable":true,"href":"https:\/\/www.anastasiapopescu.ro\/scoala\/wp-json\/wp\/v2\/users\/1"}],"replies":[{"embeddable":true,"href":"https:\/\/www.anastasiapopescu.ro\/scoala\/wp-json\/wp\/v2\/comments?post=1249"}],"version-history":[{"count":0,"href":"https:\/\/www.anastasiapopescu.ro\/scoala\/wp-json\/wp\/v2\/pages\/1249\/revisions"}],"wp:attachment":[{"href":"https:\/\/www.anastasiapopescu.ro\/scoala\/wp-json\/wp\/v2\/media?parent=1249"}],"curies":[{"name":"wp","href":"https:\/\/api.w.org\/{rel}","templated":true}]}}