{"id":731,"date":"2018-09-25T22:27:13","date_gmt":"2018-09-25T19:27:13","guid":{"rendered":"https:\/\/www.anastasiapopescu.ro\/liceu\/?page_id=731"},"modified":"2025-11-17T20:24:13","modified_gmt":"2025-11-17T17:24:13","slug":"programe-si-activitati-appo","status":"publish","type":"page","link":"https:\/\/www.anastasiapopescu.ro\/liceu\/programe-si-activitati-appo\/","title":{"rendered":"Programe \u0219i Activit\u0103\u021bi AP(P)O"},"content":{"rendered":"<p>[et_pb_section fb_built=&#8221;1&#8243; _builder_version=&#8221;4.16&#8243; custom_padding=&#8221;27px|0px|27px|0px|false|false&#8221; global_colors_info=&#8221;{}&#8221;][et_pb_row _builder_version=&#8221;4.16&#8243; global_colors_info=&#8221;{}&#8221;][et_pb_column type=&#8221;4_4&#8243; _builder_version=&#8221;4.16&#8243; custom_padding=&#8221;|||&#8221; global_colors_info=&#8221;{}&#8221; custom_padding__hover=&#8221;|||&#8221;][et_pb_text _builder_version=&#8221;4.16&#8243; global_colors_info=&#8221;{}&#8221;]<\/p>\n<h1>Programe \u0219i Activit\u0103\u021bi ale Academiei P\u0103rin\u021bilor (Pre)Ocupa\u021bi<\/h1>\n<p>&nbsp;<\/p>\n<ol>\n<li><strong>Educa\u021bia parental\u0103 \u0219i ateliere de lucru cu p\u0103rin\u021bii<\/strong>\n<ul style=\"margin-left: 2em;\">\n<li>1. 1. \u00cent\u00e2lnirile AP(P)O:<\/li>\n<\/ul>\n<ul>\n<li>a. Discu\u021bii cu p\u0103rin\u021bii pe o tem\u0103 anun\u021bat\u0103 dinainte (grupe de max 10-12 p\u0103rin\u021bi) \u2013 trimestrial. Temele vor fi anun\u021bate pe e-mail \u0219i pe site-ul AP(P)O, pentru fiecare \u00eent\u00e2lnire \u00een parte.<\/li>\n<li>b. Discu\u021bii cu p\u0103rin\u021bii pe diferite probleme punctuale (grupe de max 6-8 p\u0103rin\u021bi) \u2013 bilunar. P\u0103rin\u021bii vor trimite pe adresa de e-mail a Academiei temele pe care le doresc discutate la urm\u0103toarea \u00eent\u00e2lnire, iar abord\u0103rile vor avea un caracter interactiv.<\/li>\n<li>c. \u00cent\u00e2lniri de tip prelegeri sus\u021binute de invita\u021bi cu opera \u00een domeniul cercet\u0103rii psihologice pediatrice \u0219i a educa\u021biei parentale, la care s\u0103 poat\u0103 participa \u0219i un num\u0103r mare de persoane interesate (p\u0103rin\u021bi, cadre didactice, speciali\u0219ti) \u2013 bianual.<\/li>\n<li>1. 2. Resurse pentru p\u0103rin\u021bi (articole\/ c\u0103r\u021bi).<\/li>\n<\/ul>\n<\/li>\n<li><strong>Activit\u0103\u021bi suport \u00een dezvoltarea personal\u0103 a copilului<\/strong>\n<ul style=\"margin-left: 2em;\">\n<li>2. 1. \u201ePa\u0219aport pentru succes \u00een dezvoltarea emo\u021bional\u0103 a copilului\u201d (Inteligen\u021ba Emo\u021bional\u0103) \u2013 se realizeaz\u0103 la clas\u0103 de c\u0103tre Ileana Z\u0103rnescu, psihoterapeut<\/li>\n<li>2. 2. Dezvoltarea personal\u0103 a copilului prin tehnici creative, ateliere sus\u021binute de artist plastic Maria Roxana Cioat\u0103 \u0219i alte cadre didactice, pe teme diverse<\/li>\n<li>2. 3. Terapie logopedic\u0103 \u2013 Ileana Z\u0103rnescu, psihoterapeut<\/li>\n<li>2. 4. Integrarea copiilor cu nevoi speciale \u2013 echipe didactice formate pe probleme<\/li>\n<\/ul>\n<\/li>\n<li><strong>Activit\u0103\u021bi comune p\u0103rin\u021bi-copii<\/strong>\n<ul style=\"margin-left: 2em;\">\n<li>3. 1. Consiliere \/ Terapie (cognitiv-comportamental\u0103) \u2013 cu p\u0103rin\u021bii \u0219i copiii, la cerere.<\/li>\n<li>3. 2. Platforma de evaluare a dezvolt\u0103rii copilului (cele 3 evalu\u0103ri: profesori-p\u0103rin\u021bi-psiholog).<\/li>\n<li>3. 3. Workshopuri \u2013 s\u0103pt\u0103m\u00e2nal: interac\u021binea p\u0103rinte- copil prin intermediul picturii, artei origami, jocurilor Mind Lab, sportului etc.<\/li>\n<li>3. 4. Terapie logopedic\u0103 \u2013 \u0219edinte comune p\u0103rinte \u2013 copil<\/li>\n<\/ul>\n<\/li>\n<li><strong>Formarea continua a cadrelor didactice<\/strong><br \/>Sesiuni de informare \u0219i abilitare a educatorilor cu tehnici \u0219i strategii de lucru menite s\u0103 le optimizeze rela\u021biile \u0219i modul de interac\u021biune cu copiii.<\/li>\n<\/ol>\n<p>[\/et_pb_text][\/et_pb_column][\/et_pb_row][\/et_pb_section]<\/p>\n","protected":false},"excerpt":{"rendered":"<p>Programe \u0219i Activit\u0103\u021bi ale Academiei P\u0103rin\u021bilor (Pre)Ocupa\u021bi &nbsp; Educa\u021bia parental\u0103 \u0219i ateliere de lucru cu p\u0103rin\u021bii 1. 1. \u00cent\u00e2lnirile AP(P)O: a. Discu\u021bii cu p\u0103rin\u021bii pe o tem\u0103 anun\u021bat\u0103 dinainte (grupe de max 10-12 p\u0103rin\u021bi) \u2013 trimestrial. Temele vor fi anun\u021bate pe e-mail \u0219i pe site-ul AP(P)O, pentru fiecare \u00eent\u00e2lnire \u00een parte. b. Discu\u021bii cu p\u0103rin\u021bii [&hellip;]<\/p>\n","protected":false},"author":1,"featured_media":0,"parent":0,"menu_order":0,"comment_status":"closed","ping_status":"closed","template":"","meta":{"_et_pb_use_builder":"on","_et_pb_old_content":"","_et_gb_content_width":"","_crdt_document":"","footnotes":""},"class_list":["post-731","page","type-page","status-publish","hentry"],"_links":{"self":[{"href":"https:\/\/www.anastasiapopescu.ro\/liceu\/wp-json\/wp\/v2\/pages\/731","targetHints":{"allow":["GET"]}}],"collection":[{"href":"https:\/\/www.anastasiapopescu.ro\/liceu\/wp-json\/wp\/v2\/pages"}],"about":[{"href":"https:\/\/www.anastasiapopescu.ro\/liceu\/wp-json\/wp\/v2\/types\/page"}],"author":[{"embeddable":true,"href":"https:\/\/www.anastasiapopescu.ro\/liceu\/wp-json\/wp\/v2\/users\/1"}],"replies":[{"embeddable":true,"href":"https:\/\/www.anastasiapopescu.ro\/liceu\/wp-json\/wp\/v2\/comments?post=731"}],"version-history":[{"count":3,"href":"https:\/\/www.anastasiapopescu.ro\/liceu\/wp-json\/wp\/v2\/pages\/731\/revisions"}],"predecessor-version":[{"id":5405,"href":"https:\/\/www.anastasiapopescu.ro\/liceu\/wp-json\/wp\/v2\/pages\/731\/revisions\/5405"}],"wp:attachment":[{"href":"https:\/\/www.anastasiapopescu.ro\/liceu\/wp-json\/wp\/v2\/media?parent=731"}],"curies":[{"name":"wp","href":"https:\/\/api.w.org\/{rel}","templated":true}]}}