{"id":338,"date":"2018-10-08T15:49:49","date_gmt":"2018-10-08T12:49:49","guid":{"rendered":"https:\/\/www.anastasiapopescu.ro\/liceu\/?page_id=338"},"modified":"2025-11-16T23:52:45","modified_gmt":"2025-11-16T20:52:45","slug":"de-ce-noi","status":"publish","type":"page","link":"https:\/\/www.anastasiapopescu.ro\/liceu\/de-ce-noi\/","title":{"rendered":"De ce Liceul Pedagogic &#8222;Anastasia Popescu&#8221;"},"content":{"rendered":"<p>[et_pb_section fb_built=&#8221;1&#8243; _builder_version=&#8221;4.16&#8243; global_colors_info=&#8221;{}&#8221;][et_pb_row _builder_version=&#8221;4.16&#8243; global_colors_info=&#8221;{}&#8221; column_structure=&#8221;3_5,2_5&#8243;][et_pb_column type=&#8221;3_5&#8243; _builder_version=&#8221;4.16&#8243; custom_padding=&#8221;|||&#8221; global_colors_info=&#8221;{}&#8221; custom_padding__hover=&#8221;|||&#8221;][et_pb_text _builder_version=&#8221;4.16&#8243; text_font=&#8221;||||||||&#8221; text_orientation=&#8221;justified&#8221; global_colors_info=&#8221;{}&#8221;]<\/p>\n<h1>De ce noi<\/h1>\n<p><strong>Pentru c\u0103<\/strong> aici se dezvolt\u0103 programe care ofer\u0103 copilului o evolu\u021bie personalizat\u0103, p\u0103str\u00e2ndu-se totodat\u0103 contactul cu \u00eenv\u0103\u021b\u0103m\u00e2ntul rom\u00e2nesc contemporan \u0219i, \u00een acela\u0219i timp, elevii sunt preg\u0103ti\u021bi spre a putea face fa\u021b\u0103 schimb\u0103rilor rapide din societate, a\u0219ez\u00e2nd la loc de cinste valorile morale \u0219i spirituale.<br \/>\u00cen acest sens, \u0218coala Gimnazial\u0103 \u201eAnastasia Popescu&#8221; se recomand\u0103 ca \u0218coal\u0103 cre\u0219tin-ortodox\u0103, av\u00e2nd, \u00eenc\u0103 de la \u00eenfiin\u021bare, \u00een anul 1996, binecuv\u00e2ntarea Preafericitului P\u0103rinte Patriarh.<\/p>\n<p><strong>Pentru c\u0103<\/strong> adesea, nevoia de a \u021bine pasul cu lumea modern\u0103 este confundat\u0103 cu ignorarea unor deprinderi de baz\u0103 &#8211; apropierea de cartea scris\u0103, familiarizarea\u00a0 timpurie cu atmosfera muzicii clasice, a operelor plastice \u0219i arhitecturale valoroase, a tradi\u021biilor poporului rom\u00e2n, cu alte cuvinte, aprecierea natural\u0103 a tot ceea ce \u021bine de cultur\u0103, \u00een defini\u021bia ei real\u0103, iar \u0218coala Gimnazial\u0103 \u201eAnastasia Popescu&#8221; sus\u021bine proiecte culturale \u00een care sunt implica\u021bi to\u021bi elevii, \u00eencep\u00e2nd chiar de la Clasa Preg\u0103titoare.<\/p>\n<p><strong>Pentru c\u0103<\/strong> specificul proiectului educa\u021bional al \u0218colii Gimnaziale \u201eAnastasia Popescu&#8221; este completat de oferta cursurilor de limbi str\u0103ine \u2013 englez\u0103, francez\u0103, german\u0103, abordate \u00eenc\u0103 din gr\u0103dini\u021b\u0103, \u00eentr-o manier\u0103 prietenoas\u0103, prin joc, dramatiz\u0103ri, c\u00e2ntece \u0219i continuate \u00een clasele primare \u0219i gimnaziale, \u00een ritmul a zece ore de limbi str\u0103ine pe s\u0103pt\u0103m\u00e2n\u0103.<\/p>\n<p><strong>Pentru ca\u00a0<\/strong>programul extins (8.00 \u2013 17.00), specific scolii noastre, presupune organizarea orelor de predare dimineata si lasa orele de dupa amiaza pentru aprofundarea materiei &#8211; ceea ce noi numim ore de consolidare a cunostintelor &#8211; sub supravegherea cadrelor didactice, pentru realizarea proiectelor interdisciplinare, a celor de nivel national si european, precum si a disciplinelor optionale, cum sunt cluburile de Mind Lab, de dans sportiv, de Karate si Aikido, Atelierul Micului Modelist, Atelierul de Arte Plastice, studioul muzical in care copiii studiaza pianul, vioara si chitara, ansamblul vocal.<\/p>\n<p>[\/et_pb_text][\/et_pb_column][et_pb_column type=&#8221;2_5&#8243; _builder_version=&#8221;4.16&#8243; custom_padding=&#8221;|||&#8221; global_colors_info=&#8221;{}&#8221; custom_padding__hover=&#8221;|||&#8221;][et_pb_image src=&#8221;https:\/\/www.anastasiapopescu.ro\/liceu\/wp-content\/uploads\/2018\/10\/question-mark-books.jpg&#8221; align=&#8221;right&#8221; align_tablet=&#8221;center&#8221; align_last_edited=&#8221;on|desktop&#8221; _builder_version=&#8221;4.16&#8243; custom_margin=&#8221;8vh||&#8221; global_colors_info=&#8221;{}&#8221; align_phone=&#8221;center&#8221;][\/et_pb_image][\/et_pb_column][\/et_pb_row][et_pb_row _builder_version=&#8221;4.16&#8243; global_colors_info=&#8221;{}&#8221;][et_pb_column type=&#8221;4_4&#8243; _builder_version=&#8221;4.16&#8243; custom_padding=&#8221;|||&#8221; global_colors_info=&#8221;{}&#8221; custom_padding__hover=&#8221;|||&#8221;][et_pb_text _builder_version=&#8221;4.16&#8243; text_font=&#8221;||||||||&#8221; header_font=&#8221;||||||||&#8221; text_orientation=&#8221;justified&#8221; global_colors_info=&#8221;{}&#8221;]<strong>Pentru ca<\/strong>\u00a0incepand din gradinita, oferim copiilor si parintilor ore de consiliere psihologica, sprijin logopedic si un curs de Inteligenta emotionala pe care l-am introdus in oferta noastra inca de acum cinci ani.<\/p>\n<p><strong>Pentru ca<\/strong>\u00a0elevii nostri au fost admisi la licee de prestigiu, au obtinut premii importante la concursuri si olimpiade (consultati rezultate Concursuri), iar cei mai mari dintre ei sunt studenti si masteranzi cu care ne mandrim.<\/p>\n<p><strong>Pentru ca<\/strong>\u00a0este o scoala in care copiilor, desi \u201cnu fac ce vor\u201d, le place ce fac!<\/p>\n<p>&nbsp;<\/p>\n<h3>De ce un sistem educational compact Gradinita-Scoala ?<\/h3>\n<p>Pentru ca in Gradinitele \u201cArc-en-Ciel\u201d cei mici se familiarizeaza cu un program interactiv: gandirea, imaginatia, talentul le sunt stimulate, sustinute, indrumate, astfel incat la varsta scolaritatii ei fac trecerea de la gradinita la Clasa Pregatitoare si, apoi, la Clasa I cu efort minim, iar startul scolar este exceptional, elevul fiind integrat unei clase \u201cde nivel\u201d, o clasa omogena din punct de vedere al bazei de cunostinte si abilitati dobandite anterior, in gradinita. In plus, startul timpuriu in studiul celor trei limbi straine asigura o abordare ulterioara a acestora fara dificultati majore.<\/p>\n<p>&nbsp;<\/p>\n<h3>De ce se pot \u00eenscrie la \u0218coala Gimnazial\u0103 \u0219i copii care nu au fost \u00eenscri\u0219i la\u00a0 &#8222;Arc-en-Ciel&#8221;?<\/h3>\n<p>Pentru c\u0103 \u00eei vom ajuta sa se integreze, le vom oferi tot sprijinul de care au nevoie pentru a se integra \u00een colectivul nostru.<\/p>\n<p>&nbsp;<\/p>\n<h3>De ce este de preferat un program prelungit fata de un sprijin &#8222;after-school&#8221; separat de scoala ?<\/h3>\n<p>Pentru ca invatatoarea clasei, ori celelalte cadre didactice stiu cel mai bine ce probleme au intampinat la predarea anumitor notiuni, pe care, in programul extins, la orele de consolidare a cunostintelor, le pot relua si rezolva pe grupe mai mici de elevi, ori cu fiecare elev in parte. Cel mai mare castig, o data in plus, este ca fiecare copil isi poate dezvolta propriul potential in asa fel incat sa aiba un parcurs scolar optim.<br \/>\n[\/et_pb_text][\/et_pb_column][\/et_pb_row][\/et_pb_section]<\/p>\n","protected":false},"excerpt":{"rendered":"<p>De ce noi Pentru c\u0103 aici se dezvolt\u0103 programe care ofer\u0103 copilului o evolu\u021bie personalizat\u0103, p\u0103str\u00e2ndu-se totodat\u0103 contactul cu \u00eenv\u0103\u021b\u0103m\u00e2ntul rom\u00e2nesc contemporan \u0219i, \u00een acela\u0219i timp, elevii sunt preg\u0103ti\u021bi spre a putea face fa\u021b\u0103 schimb\u0103rilor rapide din societate, a\u0219ez\u00e2nd la loc de cinste valorile morale \u0219i spirituale.\u00cen acest sens, \u0218coala Gimnazial\u0103 \u201eAnastasia Popescu&#8221; se recomand\u0103 [&hellip;]<\/p>\n","protected":false},"author":1,"featured_media":0,"parent":0,"menu_order":0,"comment_status":"closed","ping_status":"closed","template":"","meta":{"_et_pb_use_builder":"on","_et_pb_old_content":"","_et_gb_content_width":"","_crdt_document":"","footnotes":""},"class_list":["post-338","page","type-page","status-publish","hentry"],"_links":{"self":[{"href":"https:\/\/www.anastasiapopescu.ro\/liceu\/wp-json\/wp\/v2\/pages\/338","targetHints":{"allow":["GET"]}}],"collection":[{"href":"https:\/\/www.anastasiapopescu.ro\/liceu\/wp-json\/wp\/v2\/pages"}],"about":[{"href":"https:\/\/www.anastasiapopescu.ro\/liceu\/wp-json\/wp\/v2\/types\/page"}],"author":[{"embeddable":true,"href":"https:\/\/www.anastasiapopescu.ro\/liceu\/wp-json\/wp\/v2\/users\/1"}],"replies":[{"embeddable":true,"href":"https:\/\/www.anastasiapopescu.ro\/liceu\/wp-json\/wp\/v2\/comments?post=338"}],"version-history":[{"count":1,"href":"https:\/\/www.anastasiapopescu.ro\/liceu\/wp-json\/wp\/v2\/pages\/338\/revisions"}],"predecessor-version":[{"id":5401,"href":"https:\/\/www.anastasiapopescu.ro\/liceu\/wp-json\/wp\/v2\/pages\/338\/revisions\/5401"}],"wp:attachment":[{"href":"https:\/\/www.anastasiapopescu.ro\/liceu\/wp-json\/wp\/v2\/media?parent=338"}],"curies":[{"name":"wp","href":"https:\/\/api.w.org\/{rel}","templated":true}]}}