{"id":1912,"date":"2019-10-29T01:11:27","date_gmt":"2019-10-28T22:11:27","guid":{"rendered":"https:\/\/www.anastasiapopescu.ro\/liceu\/?page_id=1912"},"modified":"2025-11-17T21:56:12","modified_gmt":"2025-11-17T18:56:12","slug":"asigurarea-calitatii","status":"publish","type":"page","link":"https:\/\/www.anastasiapopescu.ro\/liceu\/asigurarea-calitatii\/","title":{"rendered":"Asigurarea Calit\u0103\u021bii"},"content":{"rendered":"<p>[et_pb_section fb_built=&#8221;1&#8243; _builder_version=&#8221;4.16&#8243; global_colors_info=&#8221;{}&#8221;][et_pb_row column_structure=&#8221;3_5,2_5&#8243; _builder_version=&#8221;4.16&#8243; global_colors_info=&#8221;{}&#8221;][et_pb_column type=&#8221;3_5&#8243; _builder_version=&#8221;4.16&#8243; global_colors_info=&#8221;{}&#8221;][et_pb_text _builder_version=&#8221;4.16&#8243; global_colors_info=&#8221;{}&#8221;]<\/p>\n<h1>Asigurarea Calit\u0103\u021bii Mediului Educa\u021bional<\/h1>\n<p>[\/et_pb_text][et_pb_text _builder_version=&#8221;4.16&#8243; text_font_size=&#8221;16px&#8221; text_orientation=&#8221;justified&#8221; custom_margin=&#8221;5vh||||false|false&#8221; global_colors_info=&#8221;{}&#8221;]<\/p>\n<p>Cultiv\u00e2nd o \u201eetic\u0103 a dialogului\u201d \u0219i \u201e\u00eenv\u0103\u0163area semnificativ\u0103\u201d, \u00een care elevul percepe motiva\u0163ia cuno\u015ftin\u0163elor de asimilat, Liceul Pedagogic \u201eAnastasia Popescu\u201d se orienteaz\u0103 c\u0103tre o \u201eeduca\u0163ie pentru valori.\u201d<\/p>\n<p>[\/et_pb_text][et_pb_text _builder_version=&#8221;4.16&#8243; text_font=&#8221;|300|on||||||&#8221; text_font_size=&#8221;20px&#8221; text_orientation=&#8221;center&#8221; custom_padding=&#8221;3em||3em||true|false&#8221; global_colors_info=&#8221;{}&#8221;]<\/p>\n<p>\u201eUn mediu educa\u0163ional de calitate \u2013 garan\u0163ia unei educa\u0163ii de calitate\u201d<\/p>\n<p>[\/et_pb_text][\/et_pb_column][et_pb_column type=&#8221;2_5&#8243; _builder_version=&#8221;4.16&#8243; global_colors_info=&#8221;{}&#8221;][et_pb_image src=&#8221;https:\/\/www.anastasiapopescu.ro\/liceu\/wp-content\/uploads\/2019\/10\/learning-circles-e1572369031895.png&#8221; src_last_edited=&#8221;off|tablet&#8221; disabled_on=&#8221;on|on|off&#8221; _builder_version=&#8221;4.16&#8243; global_colors_info=&#8221;{}&#8221;][\/et_pb_image][\/et_pb_column][\/et_pb_row][et_pb_row column_structure=&#8221;2_5,3_5&#8243; use_custom_gutter=&#8221;on&#8221; gutter_width=&#8221;3&#8243; make_equal=&#8221;on&#8221; _builder_version=&#8221;4.16&#8243; global_colors_info=&#8221;{}&#8221;][et_pb_column type=&#8221;2_5&#8243; _builder_version=&#8221;4.16&#8243; border_width_right=&#8221;8px&#8221; border_color_right=&#8221;#eee&#8221; global_colors_info=&#8221;{}&#8221;][et_pb_text _builder_version=&#8221;4.16&#8243; header_font=&#8221;|300|||||||&#8221; header_text_align=&#8221;center&#8221; header_text_color=&#8221;#cccccc&#8221; header_font_size=&#8221;4em&#8221; header_line_height=&#8221;1.6em&#8221; custom_padding=&#8221;2vh||||false|false&#8221; global_colors_info=&#8221;{}&#8221;]<\/p>\n<h1>Viziune<\/h1>\n<p>[\/et_pb_text][\/et_pb_column][et_pb_column type=&#8221;3_5&#8243; _builder_version=&#8221;4.16&#8243; global_colors_info=&#8221;{}&#8221;][et_pb_text _builder_version=&#8221;4.16&#8243; text_font=&#8221;||||||||&#8221; text_font_size=&#8221;16px&#8221; text_orientation=&#8221;justified&#8221; global_colors_info=&#8221;{}&#8221;]<\/p>\n<p>Viziunea Liceului Pedagogic \u201eAnastasia Popescu\u201d este exprimat\u0103 \u00een cuvintele lui Louis D\u2019Hainaut: \u201epunctul central al demersului didactic trebuie s\u0103 fie elevul, nu materia\u2026. \u0219i, c\u00e2nd se vorbe\u0219te de con\u0163inutul curriculumului trebuie s\u0103 \u00een\u0163elegem c\u0103 nu este vorba de enun\u0163\u0103ri de materii de \u00eenv\u0103\u0163at, ci de scopuri exprimate \u00een termeni de competen\u0163e, moduri de a ac\u0163iona sau de a \u015fti \u00een general ale elevului\u201d.<\/p>\n<p>[\/et_pb_text][\/et_pb_column][\/et_pb_row][et_pb_row column_structure=&#8221;3_5,2_5&#8243; use_custom_gutter=&#8221;on&#8221; gutter_width=&#8221;3&#8243; make_equal=&#8221;on&#8221; _builder_version=&#8221;4.16&#8243; custom_margin=&#8221;8vh||5vh||false|false&#8221; global_colors_info=&#8221;{}&#8221;][et_pb_column type=&#8221;3_5&#8243; _builder_version=&#8221;4.16&#8243; global_colors_info=&#8221;{}&#8221;][et_pb_text _builder_version=&#8221;4.16&#8243; text_font=&#8221;||||||||&#8221; text_font_size=&#8221;16px&#8221; text_orientation=&#8221;justified&#8221; global_colors_info=&#8221;{}&#8221;]<\/p>\n<p>\u015ecoala noastr\u0103 s-a constituit pe terenul aspira\u0163iilor c\u0103tre un \u00eenv\u0103\u0163\u0103m\u00e2nt integrat, care s\u0103 valorifice buna tradi\u0163ie a \u015fcolii rom\u00e2ne\u015fti, asum\u00e2nd-\u015fi totodat\u0103 cele mai moderne mijloace \u015fi c\u0103i de abordare a actului didactic. Rela\u0163ia profesor \u2013 elev se bazeaz\u0103 pe respect, comunicare permanent\u0103 \u015fi empatie, urm\u0103rind s\u0103 le dezvolte elevilor competen\u0163e care s\u0103 \u00eei fac\u0103 s\u0103 capete independen\u0163\u0103, autocontrol \u015fi s\u0103 le creeze capacitatea de a rela\u0163iona f\u0103r\u0103 inhibi\u0163ii, dar cu discern\u0103m\u00e2nt.<\/p>\n<p>[\/et_pb_text][\/et_pb_column][et_pb_column type=&#8221;2_5&#8243; _builder_version=&#8221;4.16&#8243; border_width_left=&#8221;8px&#8221; border_color_left=&#8221;#eeeeee&#8221; global_colors_info=&#8221;{}&#8221;][et_pb_text _builder_version=&#8221;4.16&#8243; header_font=&#8221;|300|||||||&#8221; header_text_align=&#8221;center&#8221; header_text_color=&#8221;#ccc&#8221; header_font_size=&#8221;4em&#8221; custom_padding=&#8221;2vh||||false|false&#8221; global_colors_info=&#8221;{}&#8221;]<\/p>\n<h1>Misiune<\/h1>\n<p>[\/et_pb_text][\/et_pb_column][\/et_pb_row][\/et_pb_section][et_pb_section fb_built=&#8221;1&#8243; _builder_version=&#8221;4.16&#8243; global_colors_info=&#8221;{}&#8221;][et_pb_row column_structure=&#8221;3_5,2_5&#8243; use_custom_gutter=&#8221;on&#8221; gutter_width=&#8221;1&#8243; make_equal=&#8221;on&#8221; _builder_version=&#8221;4.16&#8243; custom_padding=&#8221;5px|5px|5px|5px|true|true&#8221; border_radii=&#8221;on|3px|3px|3px|3px&#8221; border_width_all=&#8221;1px&#8221; border_color_all=&#8221;#4169e1&#8243; global_colors_info=&#8221;{}&#8221;][et_pb_column type=&#8221;3_5&#8243; _builder_version=&#8221;4.16&#8243; background_color=&#8221;#f9f9f9&#8243; custom_padding=&#8221;3em|2em|3em|2em|true|true&#8221; global_colors_info=&#8221;{}&#8221;][et_pb_text _builder_version=&#8221;4.20.0&#8243; text_font_size=&#8221;16px&#8221; text_orientation=&#8221;right&#8221; global_colors_info=&#8221;{}&#8221;]<\/p>\n<p><strong>Raportul Anual de Evaluare a Calit\u0103\u021bii<br \/><\/strong>pentru anul \u0219colar 2021 &#8211; 2022, finalizat la data de 13 octombrie 2022<\/p>\n<p>[\/et_pb_text][\/et_pb_column][et_pb_column type=&#8221;2_5&#8243; _builder_version=&#8221;4.16&#8243; background_color=&#8221;#efefef&#8221; custom_padding=&#8221;3.5em|2em|3.5em|2em|true|false&#8221; global_colors_info=&#8221;{}&#8221;][et_pb_button button_url=&#8221;https:\/\/www.anastasiapopescu.ro\/liceu\/wp-content\/uploads\/2023\/03\/RAEI_2021-2022.pdf&#8221; button_text=&#8221;Afi\u0219eaz\u0103 raportul&#8221; _builder_version=&#8221;4.20.0&#8243; _module_preset=&#8221;default&#8221; custom_padding=&#8221;||14px|||&#8221; global_colors_info=&#8221;{}&#8221;][\/et_pb_button][\/et_pb_column][\/et_pb_row][\/et_pb_section]<\/p>\n","protected":false},"excerpt":{"rendered":"<p>Asigurarea Calit\u0103\u021bii Mediului Educa\u021bionalCultiv\u00e2nd o \u201eetic\u0103 a dialogului\u201d \u0219i \u201e\u00eenv\u0103\u0163area semnificativ\u0103\u201d, \u00een care elevul percepe motiva\u0163ia cuno\u015ftin\u0163elor de asimilat, Liceul Pedagogic \u201eAnastasia Popescu\u201d se orienteaz\u0103 c\u0103tre o \u201eeduca\u0163ie pentru valori.\u201d\u201eUn mediu educa\u0163ional de calitate \u2013 garan\u0163ia unei educa\u0163ii de calitate\u201dViziuneViziunea Liceului Pedagogic \u201eAnastasia Popescu\u201d este exprimat\u0103 \u00een cuvintele lui Louis D\u2019Hainaut: \u201epunctul central al demersului [&hellip;]<\/p>\n","protected":false},"author":1,"featured_media":0,"parent":0,"menu_order":0,"comment_status":"closed","ping_status":"closed","template":"","meta":{"_et_pb_use_builder":"on","_et_pb_old_content":"","_et_gb_content_width":"","_crdt_document":"","footnotes":""},"class_list":["post-1912","page","type-page","status-publish","hentry"],"_links":{"self":[{"href":"https:\/\/www.anastasiapopescu.ro\/liceu\/wp-json\/wp\/v2\/pages\/1912","targetHints":{"allow":["GET"]}}],"collection":[{"href":"https:\/\/www.anastasiapopescu.ro\/liceu\/wp-json\/wp\/v2\/pages"}],"about":[{"href":"https:\/\/www.anastasiapopescu.ro\/liceu\/wp-json\/wp\/v2\/types\/page"}],"author":[{"embeddable":true,"href":"https:\/\/www.anastasiapopescu.ro\/liceu\/wp-json\/wp\/v2\/users\/1"}],"replies":[{"embeddable":true,"href":"https:\/\/www.anastasiapopescu.ro\/liceu\/wp-json\/wp\/v2\/comments?post=1912"}],"version-history":[{"count":2,"href":"https:\/\/www.anastasiapopescu.ro\/liceu\/wp-json\/wp\/v2\/pages\/1912\/revisions"}],"predecessor-version":[{"id":5422,"href":"https:\/\/www.anastasiapopescu.ro\/liceu\/wp-json\/wp\/v2\/pages\/1912\/revisions\/5422"}],"wp:attachment":[{"href":"https:\/\/www.anastasiapopescu.ro\/liceu\/wp-json\/wp\/v2\/media?parent=1912"}],"curies":[{"name":"wp","href":"https:\/\/api.w.org\/{rel}","templated":true}]}}