{"id":23,"date":"2018-10-01T10:15:00","date_gmt":"2018-10-01T07:15:00","guid":{"rendered":"https:\/\/www.anastasiapopescu.ro\/gradinite\/?page_id=23"},"modified":"2024-06-01T07:26:53","modified_gmt":"2024-06-01T04:26:53","slug":"gradinitele-arc-en-ciel","status":"publish","type":"page","link":"https:\/\/www.anastasiapopescu.ro\/gradinite\/","title":{"rendered":"Gr\u0103dini\u021bele Arc-en-Ciel"},"content":{"rendered":"<p>[et_pb_section fb_built=&#8221;1&#8243; fullwidth=&#8221;on&#8221; _builder_version=&#8221;4.25.1&#8243; top_divider_color=&#8221;#ffffff&#8221; bottom_divider_color=&#8221;#ffffff&#8221; hover_enabled=&#8221;0&#8243; global_colors_info=&#8221;{}&#8221; sticky_enabled=&#8221;0&#8243;][et_pb_fullwidth_post_slider include_categories=&#8221;8&#8243; show_more_button=&#8221;off&#8221; excerpt_length=&#8221;180&#8243; show_meta=&#8221;off&#8221; image_placement=&#8221;left&#8221; use_bg_overlay=&#8221;off&#8221; _builder_version=&#8221;4.16&#8243; header_font=&#8221;||||||||&#8221; header_text_color=&#8221;#ef7f00&#8243; header_font_size=&#8221;2rem&#8221; header_line_height=&#8221;1.2em&#8221; body_font=&#8221;||||||||&#8221; body_font_size=&#8221;18px&#8221; body_line_height=&#8221;1.8em&#8221; background_color=&#8221;#ffffff&#8221; background_layout=&#8221;light&#8221; custom_padding=&#8221;5vh||8vh||false&#8221; header_text_shadow_style=&#8221;preset1&#8243; header_text_shadow_color=&#8221;rgba(255,140,0,0.6)&#8221; global_colors_info=&#8221;{}&#8221;][\/et_pb_fullwidth_post_slider][\/et_pb_section][et_pb_section fb_built=&#8221;1&#8243; _builder_version=&#8221;4.16&#8243; custom_padding=&#8221;5vh|5vw|5vh|5vw|true|true&#8221; global_colors_info=&#8221;{}&#8221;][et_pb_row column_structure=&#8221;2_3,1_3&#8243; module_class=&#8221; et_pb_row_fullwidth&#8221; _builder_version=&#8221;4.16&#8243; width=&#8221;90{cc0261fc3224d9cb73dc47b4c9629c85a9eb56e6d09e36e969ec7eeff50373ba}&#8221; width_tablet=&#8221;80{cc0261fc3224d9cb73dc47b4c9629c85a9eb56e6d09e36e969ec7eeff50373ba}&#8221; width_phone=&#8221;&#8221; width_last_edited=&#8221;on|desktop&#8221; max_width=&#8221;90{cc0261fc3224d9cb73dc47b4c9629c85a9eb56e6d09e36e969ec7eeff50373ba}&#8221; max_width_tablet=&#8221;80{cc0261fc3224d9cb73dc47b4c9629c85a9eb56e6d09e36e969ec7eeff50373ba}&#8221; max_width_phone=&#8221;&#8221; max_width_last_edited=&#8221;on|desktop&#8221; make_fullwidth=&#8221;on&#8221; global_colors_info=&#8221;{}&#8221;][et_pb_column type=&#8221;2_3&#8243; _builder_version=&#8221;4.16&#8243; custom_padding=&#8221;|||&#8221; global_colors_info=&#8221;{}&#8221; custom_padding__hover=&#8221;|||&#8221;][et_pb_text _builder_version=&#8221;4.16&#8243; header_font=&#8221;||||||||&#8221; header_text_color=&#8221;#ff8c00&#8243; header_font_size=&#8221;3em&#8221; border_width_bottom=&#8221;1px&#8221; border_color_bottom=&#8221;#ff8c00&#8243; global_colors_info=&#8221;{}&#8221;]<\/p>\n<h1>Anun\u021buri<\/h1>\n<p>[\/et_pb_text][et_pb_blog posts_number=&#8221;3&#8243; include_categories=&#8221;9&#8243; meta_date=&#8221;j M Y&#8221; show_thumbnail=&#8221;off&#8221; show_author=&#8221;off&#8221; show_pagination=&#8221;off&#8221; module_class=&#8221;three-column-blog-grid&#8221; _builder_version=&#8221;4.16&#8243; header_level=&#8221;h4&#8243; header_font=&#8221;||||||||&#8221; header_text_color=&#8221;#ff8c00&#8243; header_line_height=&#8221;1.4em&#8221; body_font=&#8221;||||||||&#8221; body_text_align=&#8221;justify&#8221; body_line_height=&#8221;1.5em&#8221; meta_font=&#8221;||||||||&#8221; meta_text_color=&#8221;#999999&#8243; meta_font_size=&#8221;12px&#8221; meta_line_height=&#8221;1.5em&#8221; global_colors_info=&#8221;{}&#8221;][\/et_pb_blog][\/et_pb_column][et_pb_column type=&#8221;1_3&#8243; _builder_version=&#8221;4.16&#8243; custom_padding=&#8221;5vh||||false|false&#8221; global_colors_info=&#8221;{}&#8221; custom_padding__hover=&#8221;|||&#8221;][et_pb_blurb title=&#8221;\u00ceNSCRIERI \u00ceN LISTA DE A\u0218TEPTARE&#8221; url=&#8221;https:\/\/sgapinfo.com\/listadeasteptareinput1.php&#8221; url_new_window=&#8221;on&#8221; use_icon=&#8221;on&#8221; icon_color=&#8221;#aa3300&#8243; icon_placement=&#8221;left&#8221; image_icon_width=&#8221;3em&#8221; _builder_version=&#8221;4.19.4&#8243; header_font=&#8221;|800|||||||&#8221; header_text_align=&#8221;center&#8221; header_text_color=&#8221;#E02B20&#8243; header_font_size=&#8221;30px&#8221; custom_padding=&#8221;1em|1em|1em|1em|true|true&#8221; link_option_url=&#8221;https:\/\/sgapinfo.com\/listadeasteptareinput1.php&#8221; link_option_url_new_window=&#8221;on&#8221; box_shadow_style=&#8221;preset1&#8243; box_shadow_vertical=&#8221;0px&#8221; box_shadow_blur=&#8221;0px&#8221; icon_font_size=&#8221;3em&#8221; global_colors_info=&#8221;{}&#8221; box_shadow_horizontal__hover_enabled=&#8221;off|desktop&#8221; box_shadow_horizontal__hover=&#8221;0px&#8221; box_shadow_vertical__hover_enabled=&#8221;on|hover&#8221; box_shadow_blur__hover_enabled=&#8221;on|desktop&#8221; box_shadow_blur__hover=&#8221;18px&#8221; box_shadow_vertical__hover=&#8221;2px&#8221; transform_styles__hover_enabled=&#8221;on|hover&#8221; transform_scale__hover_enabled=&#8221;on|hover&#8221; transform_translate__hover_enabled=&#8221;on|desktop&#8221; transform_rotate__hover_enabled=&#8221;on|desktop&#8221; transform_skew__hover_enabled=&#8221;on|desktop&#8221; transform_origin__hover_enabled=&#8221;on|desktop&#8221; transform_scale__hover=&#8221;102{cc0261fc3224d9cb73dc47b4c9629c85a9eb56e6d09e36e969ec7eeff50373ba}|102{cc0261fc3224d9cb73dc47b4c9629c85a9eb56e6d09e36e969ec7eeff50373ba}&#8221;]<\/p>\n<p style=\"text-align: center;\">(ve\u021bi fi redirec\u021bionat c\u0103tre sgapinfo.com pentru \u00eenscriere)<\/p>\n<p>[\/et_pb_blurb][et_pb_blurb title=&#8221;CONTRIBU\u021aII \u0218I PROGRAM EDUCA\u021aIONAL&#8221; url=&#8221;https:\/\/www.anastasiapopescu.ro\/gradinite\/contributii-si-program\/&#8221; use_icon=&#8221;on&#8221; icon_placement=&#8221;left&#8221; image_icon_width=&#8221;3em&#8221; _builder_version=&#8221;4.19.4&#8243; header_text_align=&#8221;center&#8221; custom_padding=&#8221;1em|1em|1em|1em|true|true&#8221; link_option_url=&#8221;https:\/\/www.anastasiapopescu.ro\/gradinite\/contributii-si-program\/&#8221; box_shadow_style=&#8221;preset1&#8243; box_shadow_vertical=&#8221;0px&#8221; box_shadow_blur=&#8221;0px&#8221; icon_font_size=&#8221;3em&#8221; global_colors_info=&#8221;{}&#8221; box_shadow_horizontal__hover_enabled=&#8221;off|desktop&#8221; box_shadow_horizontal__hover=&#8221;0px&#8221; box_shadow_vertical__hover_enabled=&#8221;on|hover&#8221; box_shadow_blur__hover_enabled=&#8221;on|desktop&#8221; box_shadow_blur__hover=&#8221;18px&#8221; box_shadow_vertical__hover=&#8221;2px&#8221; transform_styles__hover_enabled=&#8221;on|hover&#8221; transform_scale__hover_enabled=&#8221;on|hover&#8221; transform_translate__hover_enabled=&#8221;on|desktop&#8221; transform_rotate__hover_enabled=&#8221;on|desktop&#8221; transform_skew__hover_enabled=&#8221;on|desktop&#8221; transform_origin__hover_enabled=&#8221;on|desktop&#8221; transform_scale__hover=&#8221;102{cc0261fc3224d9cb73dc47b4c9629c85a9eb56e6d09e36e969ec7eeff50373ba}|102{cc0261fc3224d9cb73dc47b4c9629c85a9eb56e6d09e36e969ec7eeff50373ba}&#8221;][\/et_pb_blurb][\/et_pb_column][\/et_pb_row][\/et_pb_section][et_pb_section fb_built=&#8221;1&#8243; prev_background_color=&#8221;#ffffff&#8221; _builder_version=&#8221;4.16&#8243; background_color=&#8221;#ff8c00&#8243; top_divider_style=&#8221;clouds2&#8243; global_colors_info=&#8221;{}&#8221;][et_pb_row _builder_version=&#8221;4.16&#8243; custom_padding=&#8221;10vh||||false|false&#8221; global_colors_info=&#8221;{}&#8221;][et_pb_column type=&#8221;4_4&#8243; _builder_version=&#8221;4.16&#8243; global_colors_info=&#8221;{}&#8221;][et_pb_text _builder_version=&#8221;4.16&#8243; header_text_color=&#8221;#ffffff&#8221; header_font_size=&#8221;5em&#8221; text_orientation=&#8221;center&#8221; global_colors_info=&#8221;{}&#8221;]<\/p>\n<h1><i class=\"fas fa-book-reader\"><\/i><\/h1>\n<p>[\/et_pb_text][\/et_pb_column][\/et_pb_row][\/et_pb_section][et_pb_section fb_built=&#8221;1&#8243; _builder_version=&#8221;4.16&#8243; background_color=&#8221;#ff8c00&#8243; global_colors_info=&#8221;{}&#8221;][et_pb_row column_structure=&#8221;3_4,1_4&#8243; make_equal=&#8221;on&#8221; module_class=&#8221; et_pb_row_fullwidth&#8221; _builder_version=&#8221;4.16&#8243; background_color=&#8221;#f3f9f9&#8243; width=&#8221;91{cc0261fc3224d9cb73dc47b4c9629c85a9eb56e6d09e36e969ec7eeff50373ba}&#8221; width_tablet=&#8221;80{cc0261fc3224d9cb73dc47b4c9629c85a9eb56e6d09e36e969ec7eeff50373ba}&#8221; width_phone=&#8221;&#8221; width_last_edited=&#8221;on|desktop&#8221; max_width=&#8221;91{cc0261fc3224d9cb73dc47b4c9629c85a9eb56e6d09e36e969ec7eeff50373ba}&#8221; max_width_tablet=&#8221;80{cc0261fc3224d9cb73dc47b4c9629c85a9eb56e6d09e36e969ec7eeff50373ba}&#8221; max_width_phone=&#8221;&#8221; max_width_last_edited=&#8221;on|desktop&#8221; custom_padding=&#8221;|1vw||1vw|false|true&#8221; border_radii=&#8221;on|12px|12px|12px|12px&#8221; make_fullwidth=&#8221;on&#8221; global_colors_info=&#8221;{}&#8221;][et_pb_column type=&#8221;3_4&#8243; _builder_version=&#8221;4.16&#8243; custom_padding=&#8221;|||&#8221; global_colors_info=&#8221;{}&#8221; custom_padding__hover=&#8221;|||&#8221;][et_pb_text _builder_version=&#8221;4.16&#8243; header_font=&#8221;||||||||&#8221; header_text_color=&#8221;#ff8c00&#8243; header_font_size=&#8221;3em&#8221; border_width_bottom=&#8221;1px&#8221; border_color_bottom=&#8221;#ff8c00&#8243; global_colors_info=&#8221;{}&#8221;]<\/p>\n<h1>Evenimente<\/h1>\n<p>[\/et_pb_text][et_pb_blog posts_number=&#8221;8&#8243; include_categories=&#8221;10&#8243; show_author=&#8221;off&#8221; show_pagination=&#8221;off&#8221; module_class=&#8221;four-column-blog-grid&#8221; _builder_version=&#8221;4.23.1&#8243; header_level=&#8221;h4&#8243; header_font=&#8221;||||||||&#8221; header_text_color=&#8221;#ff8c00&#8243; body_font=&#8221;||||||||&#8221; body_text_align=&#8221;justify&#8221; body_line_height=&#8221;1.5em&#8221; meta_font=&#8221;||||||||&#8221; meta_font_size=&#8221;12px&#8221; meta_line_height=&#8221;1.5em&#8221; global_colors_info=&#8221;{}&#8221;][\/et_pb_blog][\/et_pb_column][et_pb_column type=&#8221;1_4&#8243; _builder_version=&#8221;4.16&#8243; custom_padding=&#8221;|||&#8221; global_colors_info=&#8221;{}&#8221; custom_padding__hover=&#8221;|||&#8221;][et_pb_blog posts_number=&#8221;6&#8243; include_categories=&#8221;10&#8243; meta_date=&#8221;j M Y&#8221; show_thumbnail=&#8221;off&#8221; show_author=&#8221;off&#8221; show_pagination=&#8221;off&#8221; offset_number=&#8221;4&#8243; module_class=&#8221;ds-limit-excerpt&#8221; _builder_version=&#8221;4.16&#8243; header_level=&#8221;h4&#8243; header_font=&#8221;||||||||&#8221; meta_font=&#8221;||||||||&#8221; meta_font_size=&#8221;12px&#8221; custom_padding=&#8221;8vh||||false|false&#8221; global_colors_info=&#8221;{}&#8221;][\/et_pb_blog][\/et_pb_column][\/et_pb_row][\/et_pb_section][et_pb_section fb_built=&#8221;1&#8243; next_background_color=&#8221;#ffffff&#8221; _builder_version=&#8221;4.16&#8243; background_color=&#8221;#ff8c00&#8243; custom_margin=&#8221;||||false|false&#8221; bottom_divider_style=&#8221;clouds2&#8243; bottom_divider_flip=&#8221;vertical&#8221; global_colors_info=&#8221;{}&#8221;][et_pb_row _builder_version=&#8221;4.16&#8243; global_colors_info=&#8221;{}&#8221;][et_pb_column type=&#8221;4_4&#8243; _builder_version=&#8221;4.16&#8243; global_colors_info=&#8221;{}&#8221;][et_pb_text _builder_version=&#8221;4.16&#8243; text_text_color=&#8221;#ffffff&#8221; text_orientation=&#8221;center&#8221; custom_padding=&#8221;||5vh||false|false&#8221; global_colors_info=&#8221;{}&#8221;]<i class=\"fas fa-feather-alt fa-4x\"><\/i>[\/et_pb_text][\/et_pb_column][\/et_pb_row][\/et_pb_section][et_pb_section fb_built=&#8221;1&#8243; _builder_version=&#8221;4.16&#8243; custom_padding=&#8221;|5vw||5vw|false|true&#8221; global_colors_info=&#8221;{}&#8221;][et_pb_row column_structure=&#8221;1_2,1_2&#8243; make_equal=&#8221;on&#8221; module_class=&#8221; et_pb_row_fullwidth&#8221; _builder_version=&#8221;4.16&#8243; width=&#8221;90{cc0261fc3224d9cb73dc47b4c9629c85a9eb56e6d09e36e969ec7eeff50373ba}&#8221; width_tablet=&#8221;80{cc0261fc3224d9cb73dc47b4c9629c85a9eb56e6d09e36e969ec7eeff50373ba}&#8221; width_phone=&#8221;&#8221; width_last_edited=&#8221;on|desktop&#8221; max_width=&#8221;90{cc0261fc3224d9cb73dc47b4c9629c85a9eb56e6d09e36e969ec7eeff50373ba}&#8221; max_width_tablet=&#8221;80{cc0261fc3224d9cb73dc47b4c9629c85a9eb56e6d09e36e969ec7eeff50373ba}&#8221; max_width_phone=&#8221;&#8221; max_width_last_edited=&#8221;on|desktop&#8221; make_fullwidth=&#8221;on&#8221; global_colors_info=&#8221;{}&#8221;][et_pb_column type=&#8221;1_2&#8243; _builder_version=&#8221;4.16&#8243; custom_padding=&#8221;|||&#8221; global_colors_info=&#8221;{}&#8221; custom_padding__hover=&#8221;|||&#8221;][et_pb_text module_class=&#8221;.two-column-blog-grid&#8221; _builder_version=&#8221;4.16&#8243; header_font=&#8221;||||||||&#8221; header_text_color=&#8221;#ff8c00&#8243; header_font_size=&#8221;3em&#8221; border_width_bottom=&#8221;1px&#8221; border_color_bottom=&#8221;#ff8c00&#8243; global_colors_info=&#8221;{}&#8221;]<\/p>\n<h1>Art(h)\u00e9<\/h1>\n<p>[\/et_pb_text][et_pb_blog posts_number=&#8221;4&#8243; include_categories=&#8221;11&#8243; show_author=&#8221;off&#8221; show_pagination=&#8221;off&#8221; module_class=&#8221;two-column-blog-grid&#8221; _builder_version=&#8221;4.16&#8243; header_level=&#8221;h4&#8243; header_font=&#8221;||||||||&#8221; header_text_color=&#8221;#ff8c00&#8243; body_font=&#8221;||||||||&#8221; body_text_align=&#8221;justify&#8221; body_line_height=&#8221;1.5em&#8221; meta_font=&#8221;||||||||&#8221; meta_font_size=&#8221;12px&#8221; meta_line_height=&#8221;1.5em&#8221; global_colors_info=&#8221;{}&#8221;][\/et_pb_blog][et_pb_text _builder_version=&#8221;4.16&#8243; text_orientation=&#8221;center&#8221; custom_padding=&#8221;1em||0.5em||false|false&#8221; link_option_url=&#8221;https:\/\/www.anastasiapopescu.ro\/gradinite\/category\/arthe\/&#8221; border_radii=&#8221;on|3px|3px|3px|3px&#8221; border_width_all=&#8221;1px&#8221; border_color_all=&#8221;#cccccc&#8221; global_colors_info=&#8221;{}&#8221; background__hover_enabled=&#8221;on|hover&#8221; background_color__hover=&#8221;rgba(255,140,0,0.1)&#8221; background_enable_color__hover=&#8221;on&#8221;]<\/p>\n<h4>Mai multe articole din sec\u021biunea Art(h)\u00e9<\/h4>\n<p>[\/et_pb_text][\/et_pb_column][et_pb_column type=&#8221;1_2&#8243; _builder_version=&#8221;4.16&#8243; custom_padding=&#8221;|||&#8221; global_colors_info=&#8221;{}&#8221; custom_padding__hover=&#8221;|||&#8221;][et_pb_text _builder_version=&#8221;4.16&#8243; header_font=&#8221;||||||||&#8221; header_text_color=&#8221;#ff8c00&#8243; header_font_size=&#8221;3em&#8221; border_width_bottom=&#8221;1px&#8221; border_color_bottom=&#8221;#ff8c00&#8243; global_colors_info=&#8221;{}&#8221;]<\/p>\n<h1>Arc-en-Ciel Estival<\/h1>\n<p>[\/et_pb_text][et_pb_blog posts_number=&#8221;4&#8243; include_categories=&#8221;12&#8243; show_author=&#8221;off&#8221; show_pagination=&#8221;off&#8221; module_class=&#8221;two-column-blog-grid&#8221; _builder_version=&#8221;4.16&#8243; header_level=&#8221;h4&#8243; header_font=&#8221;||||||||&#8221; header_text_color=&#8221;#ff8c00&#8243; body_font=&#8221;||||||||&#8221; body_text_align=&#8221;justify&#8221; body_line_height=&#8221;1.5em&#8221; meta_font=&#8221;||||||||&#8221; meta_font_size=&#8221;12px&#8221; meta_line_height=&#8221;1.5em&#8221; global_colors_info=&#8221;{}&#8221;][\/et_pb_blog][et_pb_text _builder_version=&#8221;4.16&#8243; text_orientation=&#8221;center&#8221; custom_padding=&#8221;1em||0.5em||false|false&#8221; link_option_url=&#8221;https:\/\/www.anastasiapopescu.ro\/gradinite\/category\/arc-en-ciel-estival\/&#8221; border_radii=&#8221;on|3px|3px|3px|3px&#8221; border_width_all=&#8221;1px&#8221; border_color_all=&#8221;#cccccc&#8221; global_colors_info=&#8221;{}&#8221; background__hover_enabled=&#8221;on|hover&#8221; background_color__hover=&#8221;rgba(255,140,0,0.1)&#8221; background_enable_color__hover=&#8221;on&#8221;]<\/p>\n<h4>Mai multe articole din sec\u021biunea\u00a0Arc-en-Ciel Estival<\/h4>\n<p>[\/et_pb_text][\/et_pb_column][\/et_pb_row][\/et_pb_section]<\/p>\n","protected":false},"excerpt":{"rendered":"<p>Anun\u021buri(ve\u021bi fi redirec\u021bionat c\u0103tre sgapinfo.com pentru \u00eenscriere)EvenimenteArt(h)\u00e9Mai multe articole din sec\u021biunea Art(h)\u00e9Arc-en-Ciel EstivalMai multe articole din sec\u021biunea\u00a0Arc-en-Ciel Estival<\/p>\n","protected":false},"author":1,"featured_media":0,"parent":0,"menu_order":0,"comment_status":"closed","ping_status":"closed","template":"","meta":{"_et_pb_use_builder":"on","_et_pb_old_content":"","_et_gb_content_width":"","_crdt_document":"","footnotes":""},"class_list":["post-23","page","type-page","status-publish","hentry"],"_links":{"self":[{"href":"https:\/\/www.anastasiapopescu.ro\/gradinite\/wp-json\/wp\/v2\/pages\/23","targetHints":{"allow":["GET"]}}],"collection":[{"href":"https:\/\/www.anastasiapopescu.ro\/gradinite\/wp-json\/wp\/v2\/pages"}],"about":[{"href":"https:\/\/www.anastasiapopescu.ro\/gradinite\/wp-json\/wp\/v2\/types\/page"}],"author":[{"embeddable":true,"href":"https:\/\/www.anastasiapopescu.ro\/gradinite\/wp-json\/wp\/v2\/users\/1"}],"replies":[{"embeddable":true,"href":"https:\/\/www.anastasiapopescu.ro\/gradinite\/wp-json\/wp\/v2\/comments?post=23"}],"version-history":[{"count":4,"href":"https:\/\/www.anastasiapopescu.ro\/gradinite\/wp-json\/wp\/v2\/pages\/23\/revisions"}],"predecessor-version":[{"id":3075,"href":"https:\/\/www.anastasiapopescu.ro\/gradinite\/wp-json\/wp\/v2\/pages\/23\/revisions\/3075"}],"wp:attachment":[{"href":"https:\/\/www.anastasiapopescu.ro\/gradinite\/wp-json\/wp\/v2\/media?parent=23"}],"curies":[{"name":"wp","href":"https:\/\/api.w.org\/{rel}","templated":true}]}}